{"id":367,"date":"2014-07-21T15:59:54","date_gmt":"2014-07-21T15:59:54","guid":{"rendered":"http:\/\/192.168.1.104\/restaurant-op\/?page_id=367"},"modified":"2026-01-27T13:27:06","modified_gmt":"2026-01-27T13:27:06","slug":"frontpage","status":"publish","type":"page","link":"https:\/\/learn.breiden-bach.com\/","title":{"rendered":"Frontpage"},"content":{"rendered":"<div   class='avia-fullscreen-slider main_color   avia-builder-el-0  el_before_av_section  avia-builder-el-first  container_wrap sidebar_right'  >\n<style type=\"text\/css\" data-created_by=\"avia_inline_auto\" id=\"style-css-av-m1vsyv-5232b42ff97ab63fb2029f8aa156fb5d\">\n#top .avia-slideshow .av-slideshow-caption.av-m1vsyv-5232b42ff97ab63fb2029f8aa156fb5d__0 .avia-caption-content{\nfont-size:16px;\n}\n#top .avia-slideshow .av-slideshow-caption.av-m1vsyv-5232b42ff97ab63fb2029f8aa156fb5d__0 .avia-caption-content p{\nfont-size:16px;\n}\n<\/style>\n<a href='#next-section' title='' class='scroll-down-link av-control-hidden avia-svg-icon avia-font-svg_entypo-fontello' data-av_svg_icon='down-open-mini' data-av_iconset='svg_entypo-fontello'><svg version=\"1.1\" xmlns=\"http:\/\/www.w3.org\/2000\/svg\" width=\"15\" height=\"32\" viewBox=\"0 0 15 32\" preserveAspectRatio=\"xMidYMid meet\" aria-labelledby='av-svg-title-1' aria-describedby='av-svg-desc-1' role=\"graphics-symbol\" aria-hidden=\"true\">\n<title id='av-svg-title-1'>Scroll to next section<\/title>\n<desc id='av-svg-desc-1'>Scroll to next section<\/desc>\n<path d=\"M12.96 12.16q0.704-0.832 1.536 0 0.832 0.704 0 1.536l-6.272 6.144q-0.704 0.704-1.536 0l-6.272-6.144q-0.832-0.832 0-1.536 0.768-0.768 1.6 0l5.44 4.992z\"><\/path>\n<\/svg><\/a><div  class='avia-slideshow av-m1vsyv-5232b42ff97ab63fb2029f8aa156fb5d avia-slideshow-extra_large av_fullscreen avia-fade-slider av-slideshow-ui av-control-hidden av-no-slider-navigation av-hide-nav-arrows av-slideshow-autoplay av-loop-endless av-loop-manual-endless av-slider-scroll-down-active av-default-height-applied   avia-slideshow-1' data-slideshow-options=\"{&quot;animation&quot;:&quot;fade&quot;,&quot;autoplay&quot;:true,&quot;loop_autoplay&quot;:&quot;endless&quot;,&quot;interval&quot;:10,&quot;loop_manual&quot;:&quot;manual-endless&quot;,&quot;autoplay_stopper&quot;:false,&quot;noNavigation&quot;:true,&quot;bg_slider&quot;:true,&quot;keep_padding&quot;:false,&quot;hoverpause&quot;:false,&quot;show_slide_delay&quot;:0,&quot;slide_height&quot;:&quot;100&quot;,&quot;image_attachment&quot;:&quot;&quot;}\"  itemprop=\"image\" itemscope=\"itemscope\" itemtype=\"https:\/\/schema.org\/ImageObject\" ><ul class='avia-slideshow-inner ' style='padding-bottom: 66.666666666667%;'><li style='background-position:top left;' data-img-url='https:\/\/learn.breiden-bach.com\/wp-content\/uploads\/2026\/01\/learning-slide-1500x1000.png' class='avia-slideshow-slide av-m1vsyv-5232b42ff97ab63fb2029f8aa156fb5d__0  av-single-slide slide-1 slide-odd'><div data-rel='slideshow-1' class='avia-slide-wrap '   ><\/div><\/li><\/ul><div class='av-slideshow-caption av-m1vsyv-5232b42ff97ab63fb2029f8aa156fb5d__0 caption_fullwidth caption_center caption_center_framed caption_framed'><div class=\"container caption_container\"><div class=\"slideshow_caption\"><div class=\"slideshow_inner_caption\"><div class=\"slideshow_align_caption\"><h2 class='avia-caption-title '  itemprop=\"name\" >Willkommen auf learn.breiden-bach.com<\/h2><div class='avia-caption-content '  itemprop=\"description\" ><p>Deine LIVE-Videokurs-Plattform<\/p>\n<\/div><\/div><\/div><\/div><\/div><\/div><\/div><\/div>\n\n<style type=\"text\/css\" data-created_by=\"avia_inline_auto\" id=\"style-css-av-jei8xz-037a75e15c66e93092efb1ee408222c6\">\n.avia-section.av-jei8xz-037a75e15c66e93092efb1ee408222c6 .av-parallax .av-parallax-inner{\nbackground-repeat:no-repeat;\nbackground-image:url(https:\/\/learn.breiden-bach.com\/wp-content\/uploads\/2014\/07\/wine-1500x1102.jpg);\nbackground-position:50% 50%;\nbackground-attachment:scroll;\n}\n<\/style>\n<div id='course'  class='avia-section av-jei8xz-037a75e15c66e93092efb1ee408222c6 main_color avia-section-large avia-no-border-styling  avia-builder-el-1  el_after_av_fullscreen  el_before_av_section  avia-full-stretch av-parallax-section avia-bg-style-parallax container_wrap sidebar_right'  data-section-bg-repeat='stretch'><div class='av-parallax' data-avia-parallax-ratio='0.3' ><div class='av-parallax-inner main_color avia-full-stretch'><\/div><\/div><div class='container av-section-cont-open' ><div class='template-page content  av-content-small alpha units'><div class='post-entry post-entry-type-page post-entry-367'><div class='entry-content-wrapper clearfix'>\n\n<style type=\"text\/css\" data-created_by=\"avia_inline_auto\" id=\"style-css-av-jbv28v-58b7ff2a91997d482c3448e9eb5f150e\">\n#top .av-special-heading.av-jbv28v-58b7ff2a91997d482c3448e9eb5f150e{\npadding-bottom:0;\ncolor:#ffffff;\nfont-size:60px;\n}\nbody .av-special-heading.av-jbv28v-58b7ff2a91997d482c3448e9eb5f150e .av-special-heading-tag .heading-char{\nfont-size:25px;\n}\n#top #wrap_all .av-special-heading.av-jbv28v-58b7ff2a91997d482c3448e9eb5f150e .av-special-heading-tag{\nfont-size:60px;\n}\n.av-special-heading.av-jbv28v-58b7ff2a91997d482c3448e9eb5f150e .special-heading-inner-border{\nborder-color:#ffffff;\n}\n.av-special-heading.av-jbv28v-58b7ff2a91997d482c3448e9eb5f150e .av-subheading{\nfont-size:15px;\n}\n\n@media only screen and (min-width: 480px) and (max-width: 767px){ \n#top #wrap_all .av-special-heading.av-jbv28v-58b7ff2a91997d482c3448e9eb5f150e .av-special-heading-tag{\nfont-size:0.8em;\n}\n}\n\n@media only screen and (max-width: 479px){ \n#top #wrap_all .av-special-heading.av-jbv28v-58b7ff2a91997d482c3448e9eb5f150e .av-special-heading-tag{\nfont-size:0.8em;\n}\n}\n<\/style>\n<div  class='av-special-heading av-jbv28v-58b7ff2a91997d482c3448e9eb5f150e av-special-heading-h2 custom-color-heading blockquote modern-quote modern-centered  avia-builder-el-2  avia-builder-el-no-sibling  av-inherit-size'><h2 class='av-special-heading-tag '  itemprop=\"headline\"  >Kommende Kurse<\/h2><div class=\"special-heading-border\"><div class=\"special-heading-inner-border\"><\/div><\/div><\/div>\n\n<\/div><\/div><\/div><!-- close content main div --><\/div><\/div>\n<style type=\"text\/css\" data-created_by=\"avia_inline_auto\" id=\"style-css-av-j59blr-49fd9ce72a50d5bf9796169defc37911\">\n.avia-section.av-j59blr-49fd9ce72a50d5bf9796169defc37911{\nbackground-repeat:no-repeat;\nbackground-image:url(https:\/\/learn.breiden-bach.com\/wp-content\/uploads\/2014\/07\/fruit_bg.jpg);\nbackground-position:100% 100%;\nbackground-attachment:scroll;\n}\n<\/style>\n<div id='av_section_2'  class='avia-section av-j59blr-49fd9ce72a50d5bf9796169defc37911 main_color avia-section-default avia-no-border-styling  avia-builder-el-3  el_after_av_section  el_before_av_section  avia-bg-style-scroll container_wrap sidebar_right'  data-section-bg-repeat='no-repeat'><div class='container av-section-cont-open' ><div class='template-page content  av-content-small alpha units'><div class='post-entry post-entry-type-page post-entry-367'><div class='entry-content-wrapper clearfix'>\n<div  class='flex_column av-iswgxz-d6f6439ccd683beaa3bd9ebf01d12f6b av_one_fifth  avia-builder-el-4  el_before_av_three_fifth  avia-builder-el-first  first flex_column_div  '     ><\/div><div  class='flex_column av-im5wov-315522014b9074d730e7634d889ca774 av_three_fifth  avia-builder-el-5  el_after_av_one_fifth  el_before_av_one_fifth  flex_column_div  '     ><div  class='av-catalogue-container av-ii0713-edb390d95be9c9789ef3fd7b695740b4  avia-builder-el-6  avia-builder-el-no-sibling '><ul class='av-catalogue-list'>\n<li><div class='av-catalogue-item av-i8007j-aa29e30c7b620348a47aa5b25d278b8b' ><div class=\"av-catalogue-item-inner\"><div class=\"av-catalogue-title-container\"><div class='av-catalogue-title'>LIVE-Videokurs: Grundwissen Computernutzung + wie surfe ich im Internet<\/div><div class='av-catalogue-price'>39\u20ac<\/div><\/div><div class=\"av-catalogue-content\">\n<strong>Termin: 07<em>.02.2026, 15:00 Uhr<br \/>\nDauer: 60 Minuten<\/em><\/strong><\/p>\n<p><strong>Folgende Anwendungen\/Themen werden behandelt:<\/strong><\/p>\n<ul>\n<li>Betriebssystem Windows allgemein\n<ul>\n<li>Energiesparmodus, Ruhezustand oder doch lieber ausschalten?<\/li>\n<li>System aktuell halten und warum das wichtig ist.<\/li>\n<li>Programmstart. &#8222;Viele Wege f\u00fchren nach Rom&#8220;.<\/li>\n<li>Wie installiere ich eine Anwendung am Beispiel des Google Chrome Browsers.<\/li>\n<\/ul>\n<\/li>\n<li>Windows Explorer\n<ul>\n<li>Welche &#8222;Standard&#8220;-Order liefert das System f\u00fcr mich mit?<\/li>\n<li>Wie erstelle ich eine eigene Ordnerstruktur.<\/li>\n<li>Kopieren\/Verschieben\/L\u00f6schen von Dateien\/Verzeichnissen.<\/li>\n<\/ul>\n<\/li>\n<li>Google Chrome\n<ul>\n<li>Automatische \u00dcbersetzung von Inhalten kontrollieren<\/li>\n<li>Cache? Was ist das und wie l\u00f6sche ich ihn?<\/li>\n<li>Browsererweiterungen installieren und verwalten.<\/li>\n<\/ul>\n<\/li>\n<\/ul>\n<\/div><\/div><\/div><\/li>\n<li><div class='av-catalogue-item av-i8007j-1-87426eb19603793181ad65361916236b' ><div class=\"av-catalogue-item-inner\"><div class=\"av-catalogue-title-container\"><div class='av-catalogue-title'>LIVE-Videokurs: Fortgeschrittenen Kurs - IT-Sicherheit\/Backup f\u00fcr meinen Computer<\/div><div class='av-catalogue-price'>59\u20ac<\/div><\/div><div class=\"av-catalogue-content\">\n<strong>Termin: 07<em>.02.2026, 16:30 Uhr<br \/>\nDauer: 60 Minuten<\/em><\/strong><\/p>\n<p><strong>Folgende Anwendungen\/Themen werden behandelt:<\/strong><\/p>\n<ul>\n<li>Sicherheit f\u00fcr meinen Computer\n<ul>\n<li>Brauche ich eine Antiviren-Software?<\/li>\n<li>M\u00fcssen diese ganzen Anwendungen ab Werk installiert sein?<\/li>\n<li>Wie kann ich mein System bereinigen?<\/li>\n<li>Muss es immer ein Admin-Account sein?<\/li>\n<\/ul>\n<\/li>\n<li>Backup f\u00fcr meinen Computer\n<ul>\n<li>Was machst du, wenn dein Computer pl\u00f6tzlich defekt ist? Hast du eine Sicherung?<\/li>\n<li>Wie und womit kannst du einfach uns simpel ein regelm\u00e4\u00dfiges Backup erstellen?<br \/>\nDas zeige ich dir hier.<\/li>\n<\/ul>\n<\/li>\n<\/ul>\n<\/div><\/div><\/div><\/li>\n<\/ul><\/div><\/div><div  class='flex_column av-hythaf-dfd03bea43ab8b64d4d7c3142a1c5b78 av_one_fifth  avia-builder-el-7  el_after_av_three_fifth  avia-builder-el-last  flex_column_div  '     ><\/div>\n\n<\/div><\/div><\/div><!-- close content main div --><\/div><\/div>\n<style type=\"text\/css\" data-created_by=\"avia_inline_auto\" id=\"style-css-av-4a0kg7-781c764916ac487db9f69451acea2342\">\n.avia-section.av-4a0kg7-781c764916ac487db9f69451acea2342 .av-parallax .av-parallax-inner{\nbackground-repeat:no-repeat;\nbackground-image:url(https:\/\/learn.breiden-bach.com\/wp-content\/uploads\/2026\/01\/learning-slide.png);\nbackground-position:50% 50%;\nbackground-attachment:scroll;\n}\n<\/style>\n<div id='booking'  class='avia-section av-4a0kg7-781c764916ac487db9f69451acea2342 main_color avia-section-large avia-no-border-styling  avia-builder-el-8  el_after_av_section  el_before_av_section  avia-full-stretch av-parallax-section avia-bg-style-parallax container_wrap sidebar_right'  data-section-bg-repeat='stretch'><div class='av-parallax' data-avia-parallax-ratio='0.3' ><div class='av-parallax-inner main_color avia-full-stretch'><\/div><\/div><div class='container av-section-cont-open' ><div class='template-page content  av-content-small alpha units'><div class='post-entry post-entry-type-page post-entry-367'><div class='entry-content-wrapper clearfix'>\n\n<style type=\"text\/css\" data-created_by=\"avia_inline_auto\" id=\"style-css-av-eppq7-3e59b12da009613448516c4c599bc21b\">\n#top .av-special-heading.av-eppq7-3e59b12da009613448516c4c599bc21b{\npadding-bottom:0;\ncolor:#ffffff;\nfont-size:60px;\n}\nbody .av-special-heading.av-eppq7-3e59b12da009613448516c4c599bc21b .av-special-heading-tag .heading-char{\nfont-size:25px;\n}\n#top #wrap_all .av-special-heading.av-eppq7-3e59b12da009613448516c4c599bc21b .av-special-heading-tag{\nfont-size:60px;\n}\n.av-special-heading.av-eppq7-3e59b12da009613448516c4c599bc21b .special-heading-inner-border{\nborder-color:#ffffff;\n}\n.av-special-heading.av-eppq7-3e59b12da009613448516c4c599bc21b .av-subheading{\nfont-size:15px;\n}\n\n@media only screen and (min-width: 480px) and (max-width: 767px){ \n#top #wrap_all .av-special-heading.av-eppq7-3e59b12da009613448516c4c599bc21b .av-special-heading-tag{\nfont-size:0.8em;\n}\n}\n\n@media only screen and (max-width: 479px){ \n#top #wrap_all .av-special-heading.av-eppq7-3e59b12da009613448516c4c599bc21b .av-special-heading-tag{\nfont-size:0.8em;\n}\n}\n<\/style>\n<div  class='av-special-heading av-eppq7-3e59b12da009613448516c4c599bc21b av-special-heading-h2 custom-color-heading blockquote modern-quote modern-centered  avia-builder-el-9  avia-builder-el-no-sibling  av-inherit-size'><h2 class='av-special-heading-tag '  itemprop=\"headline\"  >Buchung<\/h2><div class=\"special-heading-border\"><div class=\"special-heading-inner-border\"><\/div><\/div><\/div>\n\n<\/div><\/div><\/div><!-- close content main div --><\/div><\/div><div id='av_section_4'  class='avia-section av-3x5sq7-667d935ef40c28c22171ed27f5d76656 main_color avia-section-large avia-no-border-styling  avia-builder-el-10  el_after_av_section  el_before_av_section  avia-bg-style-scroll container_wrap sidebar_right'  ><div class='container av-section-cont-open' ><div class='template-page content  av-content-small alpha units'><div class='post-entry post-entry-type-page post-entry-367'><div class='entry-content-wrapper clearfix'>\n<div  class='flex_column av-3pdn2v-ac198fa424feda48632f5d75dc1ff095 av_one_fifth  avia-builder-el-11  el_before_av_three_fifth  avia-builder-el-first  first flex_column_div  '     ><\/div><div  class='flex_column av-sfhyn-7a554847d1c933fc02ebc4aca7faf069 av_three_fifth  avia-builder-el-12  el_after_av_one_fifth  avia-builder-el-last  flex_column_div  '     ><p>\n<style type=\"text\/css\" data-created_by=\"avia_inline_auto\" id=\"style-css-av-n9087-02a4978feff2acef4f56a81b85a0a799\">\n#top .av-special-heading.av-n9087-02a4978feff2acef4f56a81b85a0a799{\npadding-bottom:0;\n}\nbody .av-special-heading.av-n9087-02a4978feff2acef4f56a81b85a0a799 .av-special-heading-tag .heading-char{\nfont-size:25px;\n}\n.av-special-heading.av-n9087-02a4978feff2acef4f56a81b85a0a799 .av-subheading{\nfont-size:15px;\n}\n<\/style>\n<div  class='av-special-heading av-n9087-02a4978feff2acef4f56a81b85a0a799 av-special-heading-h2 blockquote modern-quote  avia-builder-el-13  el_before_av_textblock  avia-builder-el-first  av-thin-font'><h2 class='av-special-heading-tag '  itemprop=\"headline\"  ><strong>Buche jetzt<\/strong> deinen Kurs<\/h2><div class='av-subheading av-subheading_below'><p>Deine Buchung wird dann per E-Mail best\u00e4tigt.<\/p>\n<\/div><div class=\"special-heading-border\"><div class=\"special-heading-inner-border\"><\/div><\/div><\/div><br \/>\n<section  class='av_textblock_section av-mk2pweax-d273a77d5e5f0a05885d8515722c47dd '   itemscope=\"itemscope\" itemtype=\"https:\/\/schema.org\/CreativeWork\" ><div class='avia_textblock'  itemprop=\"text\" ><p>Die Geb\u00fchr ist im Voraus zu begleichen. Nach Buchung erhalten Sie eine Rechnung \u00fcber den entsprechenden Betrag.<\/p>\n<p>Erst nach erfolgter Zahlung wird der Zugangslink zum Video-Meeting \u00fcbersendet.<\/p>\n<p><strong>Hinweis<\/strong>: Die Zahlung sollte idealerweise per Echtzeit\u00fcberweisung erfolgen, damit Ihr den Link auf jeden Fall rechtzeitig zugesendet bekommt.<\/p>\n<\/div><\/section><br \/>\n<form action=\"https:\/\/learn.breiden-bach.com\/\" method=\"post\" data-fields-with-error=\"Fehler wurden in folgenden Feld(ern) gefunden:\" class=\"avia_ajax_form av-form-labels-visible   avia-builder-el-15  el_after_av_textblock  avia-builder-el-last   \" data-avia-form-id=\"1\" data-avia-redirect=''  aria-label='Kontaktformular' ><fieldset><p class='  first_form  form_element form_element_half' id='element_avia_1_1'><label for=\"avia_1_1\">Name <abbr class=\"required\" title=\"ben\u00f6tigt\">*<\/abbr><\/label> <input name=\"avia_1_1\" class=\"text_input is_empty\" type=\"text\" id=\"avia_1_1\" value=\"\" \/><\/p><p class='  form_element form_element_half' id='element_avia_2_1'><label for=\"avia_2_1\">E-Mail <abbr class=\"required\" title=\"ben\u00f6tigt\">*<\/abbr><\/label> <input name=\"avia_2_1\" class=\"text_input is_email\" type=\"text\" id=\"avia_2_1\" value=\"\" \/><\/p><p class='  first_form  form_element form_fullwidth' id='element_avia_3_1'><label for=\"avia_3_1\">Videokurs <abbr class=\"required\" title=\"ben\u00f6tigt\">*<\/abbr><\/label><select  name=\"avia_3_1\" class=\"select is_empty\" id=\"avia_3_1\"><option   value='LIVE-Videokurs: Grundwissen Computernutzung + wie surfe ich im Internet: 07.02.2026: 15:00 Uhr (39'>LIVE-Videokurs: Grundwissen Computernutzung + wie surfe ich im Internet: 07.02.2026: 15:00 Uhr (39<\/option><option   value='00\u20ac)'>00\u20ac)<\/option><option   value='LIVE-Videokurs: Fortgeschrittenen Kurs - IT-Sicherheit\/Backup f\u00fcr meinen Computer: 07.02.2026: 16:30 Uhr (59'>LIVE-Videokurs: Fortgeschrittenen Kurs - IT-Sicherheit\/Backup f\u00fcr meinen Computer: 07.02.2026: 16:30 Uhr (59<\/option><option   value='00\u20ac)'>00\u20ac)<\/option><\/select><\/p><p class='  first_form  form_element form_fullwidth av-last-visible-form-element' id='element_avia_4_1'><input  name=\"avia_4_1\" class=\"input_checkbox is_empty\" type=\"checkbox\" id=\"avia_4_1\" value=\"true\"\/><label class=\"input_checkbox_label\" for=\"avia_4_1\">Hiermit best\u00e4tige ich, dass ich mit der Buchung zum angegebenen Preis f\u00fcr den ausgew\u00e4hlten Video-Kurs einverstanden bin. Nach erhalte der Auftragsbest\u00e4tigung und Rechnung via E-Mail ist der Betrag im Voraus zu zahlen. Erst dann wird der Zugangslink zum Video-Meeting \u00fcbergeben. <abbr class=\"required\" title=\"ben\u00f6tigt\">*<\/abbr><\/label><\/p><p class=\"hidden\"><input type=\"text\" name=\"avia_5_1\" class=\"hidden \" id=\"avia_5_1\" value=\"\" \/><\/p><p class=\"form_element \"><input type=\"hidden\" value=\"1\" name=\"avia_generated_form1\" \/><input type=\"submit\" value=\"Buchung absenden\" class=\"button\"  data-sending-label=\"Sende\"\/><\/p><\/fieldset><\/form><div id=\"ajaxresponse_1\" class=\"ajaxresponse ajaxresponse_1 hidden\"><\/div><\/p><\/div><\/div><\/div><\/div><!-- close content main div --><\/div><\/div>\n<style type=\"text\/css\" data-created_by=\"avia_inline_auto\" id=\"style-css-av-87got3-508a016d18f30e9e652b862112dd1c79\">\n.avia-section.av-87got3-508a016d18f30e9e652b862112dd1c79 .av-parallax .av-parallax-inner{\nbackground-repeat:no-repeat;\nbackground-image:url(https:\/\/learn.breiden-bach.com\/wp-content\/uploads\/2026\/01\/learning-slide.png);\nbackground-position:50% 50%;\nbackground-attachment:scroll;\n}\n<\/style>\n<div id='contact'  class='avia-section av-87got3-508a016d18f30e9e652b862112dd1c79 main_color avia-section-large avia-no-border-styling  avia-builder-el-16  el_after_av_section  el_before_av_section  avia-full-stretch av-parallax-section avia-bg-style-parallax container_wrap sidebar_right'  data-section-bg-repeat='stretch'><div class='av-parallax' data-avia-parallax-ratio='0.3' ><div class='av-parallax-inner main_color avia-full-stretch'><\/div><\/div><div class='container av-section-cont-open' ><div class='template-page content  av-content-small alpha units'><div class='post-entry post-entry-type-page post-entry-367'><div class='entry-content-wrapper clearfix'>\n\n<style type=\"text\/css\" data-created_by=\"avia_inline_auto\" id=\"style-css-av-7ys0mv-bc9737c13dee2646e8c395af5a4fdede\">\n#top .av-special-heading.av-7ys0mv-bc9737c13dee2646e8c395af5a4fdede{\npadding-bottom:0;\ncolor:#ffffff;\nfont-size:60px;\n}\nbody .av-special-heading.av-7ys0mv-bc9737c13dee2646e8c395af5a4fdede .av-special-heading-tag .heading-char{\nfont-size:25px;\n}\n#top #wrap_all .av-special-heading.av-7ys0mv-bc9737c13dee2646e8c395af5a4fdede .av-special-heading-tag{\nfont-size:60px;\n}\n.av-special-heading.av-7ys0mv-bc9737c13dee2646e8c395af5a4fdede .special-heading-inner-border{\nborder-color:#ffffff;\n}\n.av-special-heading.av-7ys0mv-bc9737c13dee2646e8c395af5a4fdede .av-subheading{\nfont-size:15px;\n}\n\n@media only screen and (min-width: 480px) and (max-width: 767px){ \n#top #wrap_all .av-special-heading.av-7ys0mv-bc9737c13dee2646e8c395af5a4fdede .av-special-heading-tag{\nfont-size:0.8em;\n}\n}\n\n@media only screen and (max-width: 479px){ \n#top #wrap_all .av-special-heading.av-7ys0mv-bc9737c13dee2646e8c395af5a4fdede .av-special-heading-tag{\nfont-size:0.8em;\n}\n}\n<\/style>\n<div  class='av-special-heading av-7ys0mv-bc9737c13dee2646e8c395af5a4fdede av-special-heading-h2 custom-color-heading blockquote modern-quote modern-centered  avia-builder-el-17  avia-builder-el-no-sibling  av-inherit-size'><h2 class='av-special-heading-tag '  itemprop=\"headline\"  >Kontakt<\/h2><div class=\"special-heading-border\"><div class=\"special-heading-inner-border\"><\/div><\/div><\/div>\n<\/p>\n<\/div><\/div><\/div><!-- close content main div --><\/div><\/div><div id='av_section_6'  class='avia-section av-7uwi9b-0b63e99026724b6b704284c2a0fe1924 alternate_color avia-section-default avia-no-border-styling  avia-builder-el-18  el_after_av_section  avia-builder-el-last  avia-bg-style-scroll container_wrap sidebar_right'  ><div class='container av-section-cont-open' ><div class='template-page content  av-content-small alpha units'><div class='post-entry post-entry-type-page post-entry-367'><div class='entry-content-wrapper clearfix'>\n<div  class='flex_column av-6eiekf-1f2cd8f2cc1976b323ca2b92f8fa4616 av_one_fifth  avia-builder-el-19  el_before_av_three_fifth  avia-builder-el-first  first flex_column_div  '     ><\/div><div  class='flex_column av-56bp4v-a65121bbe3c0341fbf3080d4342aa843 av_three_fifth  avia-builder-el-20  el_after_av_one_fifth  avia-builder-el-last  flex_column_div  '     ><p>\n<style type=\"text\/css\" data-created_by=\"avia_inline_auto\" id=\"style-css-av-54dp2n-36d7ad36fd08bf437947d447c80ef68f\">\n#top .av-special-heading.av-54dp2n-36d7ad36fd08bf437947d447c80ef68f{\npadding-bottom:10px;\n}\nbody .av-special-heading.av-54dp2n-36d7ad36fd08bf437947d447c80ef68f .av-special-heading-tag .heading-char{\nfont-size:25px;\n}\n.av-special-heading.av-54dp2n-36d7ad36fd08bf437947d447c80ef68f .av-subheading{\nfont-size:15px;\n}\n<\/style>\n<div  class='av-special-heading av-54dp2n-36d7ad36fd08bf437947d447c80ef68f av-special-heading-h3  avia-builder-el-21  el_before_av_contact  avia-builder-el-first '><h3 class='av-special-heading-tag '  itemprop=\"headline\"  >Kontakt<\/h3><div class=\"special-heading-border\"><div class=\"special-heading-inner-border\"><\/div><\/div><\/div><br \/>\n<form action=\"https:\/\/learn.breiden-bach.com\/\" method=\"post\" data-fields-with-error=\"Fehler wurden in folgenden Feld(ern) gefunden:\" class=\"avia_ajax_form av-form-labels-visible   avia-builder-el-22  el_after_av_heading  avia-builder-el-last   \" data-avia-form-id=\"2\" data-avia-redirect=''  aria-label='Kontaktformular' ><fieldset><p class='  first_form  form_element form_element_half' id='element_avia_1_2'><label for=\"avia_1_2\">Name <abbr class=\"required\" title=\"ben\u00f6tigt\">*<\/abbr><\/label> <input name=\"avia_1_2\" class=\"text_input is_empty\" type=\"text\" id=\"avia_1_2\" value=\"\" \/><\/p><p class='  form_element form_element_half' id='element_avia_2_2'><label for=\"avia_2_2\">E-Mail <abbr class=\"required\" title=\"ben\u00f6tigt\">*<\/abbr><\/label> <input name=\"avia_2_2\" class=\"text_input is_email\" type=\"text\" id=\"avia_2_2\" value=\"\" \/><\/p><p class='  first_form  form_element form_fullwidth av-last-visible-form-element' id='element_avia_3_2'><label for=\"avia_3_2\" class=\"textare_label hidden textare_label_avia_3_2\">Message <abbr class=\"required\" title=\"ben\u00f6tigt\">*<\/abbr><\/label><textarea  name=\"avia_3_2\" class=\"text_area is_empty\" cols=\"40\" rows=\"7\" id=\"avia_3_2\" ><\/textarea><\/p><p class=\"hidden\"><input type=\"text\" name=\"avia_4_2\" class=\"hidden \" id=\"avia_4_2\" value=\"\" \/><\/p><p class=\"form_element \"><input type=\"hidden\" value=\"1\" name=\"avia_generated_form2\" \/><input type=\"submit\" value=\"Absenden\" class=\"button\"  data-sending-label=\"Sende\"\/><\/p><\/fieldset><\/form><div id=\"ajaxresponse_2\" class=\"ajaxresponse ajaxresponse_2 hidden\"><\/div><\/p><\/div>\n<\/div><\/div><\/div><!-- close content main div --><\/div><\/div><div id='after_section_6'  class='main_color av_default_container_wrap container_wrap sidebar_right'  ><div class='container av-section-cont-open' ><div class='template-page content  av-content-small alpha units'><div class='post-entry post-entry-type-page post-entry-367'><div class='entry-content-wrapper clearfix'>\n","protected":false},"excerpt":{"rendered":"","protected":false},"author":1,"featured_media":0,"parent":0,"menu_order":0,"comment_status":"open","ping_status":"open","template":"","meta":{"footnotes":""},"class_list":["post-367","page","type-page","status-publish","hentry"],"jetpack_sharing_enabled":true,"_links":{"self":[{"href":"https:\/\/learn.breiden-bach.com\/index.php\/wp-json\/wp\/v2\/pages\/367","targetHints":{"allow":["GET"]}}],"collection":[{"href":"https:\/\/learn.breiden-bach.com\/index.php\/wp-json\/wp\/v2\/pages"}],"about":[{"href":"https:\/\/learn.breiden-bach.com\/index.php\/wp-json\/wp\/v2\/types\/page"}],"author":[{"embeddable":true,"href":"https:\/\/learn.breiden-bach.com\/index.php\/wp-json\/wp\/v2\/users\/1"}],"replies":[{"embeddable":true,"href":"https:\/\/learn.breiden-bach.com\/index.php\/wp-json\/wp\/v2\/comments?post=367"}],"version-history":[{"count":19,"href":"https:\/\/learn.breiden-bach.com\/index.php\/wp-json\/wp\/v2\/pages\/367\/revisions"}],"predecessor-version":[{"id":444,"href":"https:\/\/learn.breiden-bach.com\/index.php\/wp-json\/wp\/v2\/pages\/367\/revisions\/444"}],"wp:attachment":[{"href":"https:\/\/learn.breiden-bach.com\/index.php\/wp-json\/wp\/v2\/media?parent=367"}],"curies":[{"name":"wp","href":"https:\/\/api.w.org\/{rel}","templated":true}]}}